{"id":1143,"date":"2023-04-13T12:33:46","date_gmt":"2023-04-13T12:33:46","guid":{"rendered":"https:\/\/s-wan.be\/?page_id=1143"},"modified":"2024-05-17T11:41:33","modified_gmt":"2024-05-17T11:41:33","slug":"alle-touren","status":"publish","type":"page","link":"https:\/\/s-wan.be\/de\/alle-touren\/","title":{"rendered":"Alle Touren"},"content":{"rendered":"\t\t<div data-elementor-type=\"wp-page\" data-elementor-id=\"1143\" class=\"elementor elementor-1143 elementor-198\" data-elementor-post-type=\"page\">\n\t\t\t\t\t\t<section class=\"elementor-section elementor-top-section elementor-element elementor-element-8776280 elementor-section-boxed elementor-section-height-default elementor-section-height-default\" data-id=\"8776280\" data-element_type=\"section\" data-e-type=\"section\">\n\t\t\t\t\t\t<div class=\"elementor-container elementor-column-gap-default\">\n\t\t\t\t\t<div class=\"elementor-column elementor-col-100 elementor-top-column elementor-element elementor-element-668b8fa\" data-id=\"668b8fa\" data-element_type=\"column\" data-e-type=\"column\">\n\t\t\t<div class=\"elementor-widget-wrap elementor-element-populated\">\n\t\t\t\t\t\t<div class=\"elementor-element elementor-element-604fae2 elementor-widget elementor-widget-heading\" data-id=\"604fae2\" data-element_type=\"widget\" data-e-type=\"widget\" data-widget_type=\"heading.default\">\n\t\t\t\t<div class=\"elementor-widget-container\">\n\t\t\t\t\t<h1 class=\"elementor-heading-title elementor-size-default\">Alle Br\u00fcgge Touren<\/h1>\t\t\t\t<\/div>\n\t\t\t\t<\/div>\n\t\t\t\t\t<\/div>\n\t\t<\/div>\n\t\t\t\t\t<\/div>\n\t\t<\/section>\n\t\t\t\t<section class=\"elementor-section elementor-top-section elementor-element elementor-element-e104cfa elementor-section-boxed elementor-section-height-default elementor-section-height-default\" data-id=\"e104cfa\" data-element_type=\"section\" data-e-type=\"section\">\n\t\t\t\t\t\t<div class=\"elementor-container elementor-column-gap-default\">\n\t\t\t\t\t<div class=\"elementor-column elementor-col-100 elementor-top-column elementor-element elementor-element-13eb368\" data-id=\"13eb368\" data-element_type=\"column\" data-e-type=\"column\">\n\t\t\t<div class=\"elementor-widget-wrap elementor-element-populated\">\n\t\t\t\t\t\t<div class=\"elementor-element elementor-element-9b394b6 elementor-widget elementor-widget-html\" data-id=\"9b394b6\" data-element_type=\"widget\" data-e-type=\"widget\" data-widget_type=\"html.default\">\n\t\t\t\t<div class=\"elementor-widget-container\">\n\t\t\t\t\t<product-catalog-widget widget-id=\"ce18dcba-65c8-4d65-8d66-789806f1d927\"><\/product-catalog-widget><script type=\"text\/javascript\" src=\"https:\/\/widgets.regiondo.net\/catalog\/v1\/catalog-widget.min.js\"><\/script>\t\t\t\t<\/div>\n\t\t\t\t<\/div>\n\t\t\t\t\t<\/div>\n\t\t<\/div>\n\t\t\t\t\t<\/div>\n\t\t<\/section>\n\t\t\t\t<\/div>\n\t\t","protected":false},"excerpt":{"rendered":"<p>Alle Br\u00fcgge Touren<\/p>\n","protected":false},"author":6,"featured_media":0,"parent":0,"menu_order":0,"comment_status":"closed","ping_status":"closed","template":"elementor_header_footer","meta":{"footnotes":""},"class_list":["post-1143","page","type-page","status-publish","hentry"],"yoast_head":"<!-- This site is optimized with the Yoast SEO plugin v27.3 - https:\/\/yoast.com\/product\/yoast-seo-wordpress\/ -->\n<title>Alle Br\u00fcgge F\u00fchrungen von S-Wan Br\u00fcgge<\/title>\n<meta name=\"description\" content=\"Besuchen Sie Br\u00fcgge mit erfahrenen F\u00fchrern. Zu Fu\u00df, mit dem Fahrrad, mit Verkostungen oder ma\u00dfgeschneidert. Entdecken Sie hier alle unsere Br\u00fcgge-Touren.\" \/>\n<meta name=\"robots\" content=\"index, follow, max-snippet:-1, max-image-preview:large, max-video-preview:-1\" \/>\n<link rel=\"canonical\" href=\"https:\/\/s-wan.be\/de\/alle-touren\/\" \/>\n<meta property=\"og:locale\" content=\"de_DE\" \/>\n<meta property=\"og:type\" content=\"article\" \/>\n<meta property=\"og:title\" content=\"F\u00fchrungen durch Br\u00fcgge von S-wan\" \/>\n<meta property=\"og:description\" content=\"Gef\u00fchrte Touren durch Br\u00fcgge, zu Fu\u00df, mit dem Fahrrad, mit Verkostungen oder ma\u00dfgeschneidert. S-wan hat f\u00fcr jeden den richtigen Reisef\u00fchrer f\u00fcr Br\u00fcgge.\" \/>\n<meta property=\"og:url\" content=\"https:\/\/s-wan.be\/de\/alle-touren\/\" \/>\n<meta property=\"og:site_name\" content=\"S-wan Brugge\" \/>\n<meta property=\"article:publisher\" content=\"https:\/\/www.facebook.com\/swanbrugge\" \/>\n<meta property=\"article:modified_time\" content=\"2024-05-17T11:41:33+00:00\" \/>\n<meta name=\"twitter:card\" content=\"summary_large_image\" \/>\n<script type=\"application\/ld+json\" class=\"yoast-schema-graph\">{\"@context\":\"https:\\\/\\\/schema.org\",\"@graph\":[{\"@type\":\"WebPage\",\"@id\":\"https:\\\/\\\/s-wan.be\\\/de\\\/alle-touren\\\/\",\"url\":\"https:\\\/\\\/s-wan.be\\\/de\\\/alle-touren\\\/\",\"name\":\"Alle Br\u00fcgge F\u00fchrungen von S-Wan Br\u00fcgge\",\"isPartOf\":{\"@id\":\"https:\\\/\\\/s-wan.be\\\/de\\\/#website\"},\"datePublished\":\"2023-04-13T12:33:46+00:00\",\"dateModified\":\"2024-05-17T11:41:33+00:00\",\"description\":\"Besuchen Sie Br\u00fcgge mit erfahrenen F\u00fchrern. Zu Fu\u00df, mit dem Fahrrad, mit Verkostungen oder ma\u00dfgeschneidert. Entdecken Sie hier alle unsere Br\u00fcgge-Touren.\",\"breadcrumb\":{\"@id\":\"https:\\\/\\\/s-wan.be\\\/de\\\/alle-touren\\\/#breadcrumb\"},\"inLanguage\":\"de\",\"potentialAction\":[{\"@type\":\"ReadAction\",\"target\":[\"https:\\\/\\\/s-wan.be\\\/de\\\/alle-touren\\\/\"]}]},{\"@type\":\"BreadcrumbList\",\"@id\":\"https:\\\/\\\/s-wan.be\\\/de\\\/alle-touren\\\/#breadcrumb\",\"itemListElement\":[{\"@type\":\"ListItem\",\"position\":1,\"name\":\"Home\",\"item\":\"https:\\\/\\\/s-wan.be\\\/de\\\/\"},{\"@type\":\"ListItem\",\"position\":2,\"name\":\"Alle Touren\"}]},{\"@type\":\"WebSite\",\"@id\":\"https:\\\/\\\/s-wan.be\\\/de\\\/#website\",\"url\":\"https:\\\/\\\/s-wan.be\\\/de\\\/\",\"name\":\"S-wan Brugge\",\"description\":\"Bezoek Brugge met een twist\",\"publisher\":{\"@id\":\"https:\\\/\\\/s-wan.be\\\/de\\\/#organization\"},\"potentialAction\":[{\"@type\":\"SearchAction\",\"target\":{\"@type\":\"EntryPoint\",\"urlTemplate\":\"https:\\\/\\\/s-wan.be\\\/de\\\/?s={search_term_string}\"},\"query-input\":{\"@type\":\"PropertyValueSpecification\",\"valueRequired\":true,\"valueName\":\"search_term_string\"}}],\"inLanguage\":\"de\"},{\"@type\":\"Organization\",\"@id\":\"https:\\\/\\\/s-wan.be\\\/de\\\/#organization\",\"name\":\"S-wan Brugge\",\"url\":\"https:\\\/\\\/s-wan.be\\\/de\\\/\",\"logo\":{\"@type\":\"ImageObject\",\"inLanguage\":\"de\",\"@id\":\"https:\\\/\\\/s-wan.be\\\/de\\\/#\\\/schema\\\/logo\\\/image\\\/\",\"url\":\"https:\\\/\\\/s-wan.be\\\/wp-content\\\/uploads\\\/2024\\\/04\\\/logo-s-wan-footer.webp\",\"contentUrl\":\"https:\\\/\\\/s-wan.be\\\/wp-content\\\/uploads\\\/2024\\\/04\\\/logo-s-wan-footer.webp\",\"width\":403,\"height\":313,\"caption\":\"S-wan Brugge\"},\"image\":{\"@id\":\"https:\\\/\\\/s-wan.be\\\/de\\\/#\\\/schema\\\/logo\\\/image\\\/\"},\"sameAs\":[\"https:\\\/\\\/www.facebook.com\\\/swanbrugge\",\"https:\\\/\\\/www.linkedin.com\\\/company\\\/s-wan-brugge-vzw\\\/\",\"https:\\\/\\\/www.tripadvisor.be\\\/Attraction_Review-g188671-d16845802-Reviews-S_wan_Bruges_guides_with_a_twist-Bruges_West_Flanders_Province.html\",\"https:\\\/\\\/www.instagram.com\\\/s_wan_guides_with_a_twist\\\/\"]}]}<\/script>\n<!-- \/ Yoast SEO plugin. -->","yoast_head_json":{"title":"Alle Br\u00fcgge F\u00fchrungen von S-Wan Br\u00fcgge","description":"Besuchen Sie Br\u00fcgge mit erfahrenen F\u00fchrern. Zu Fu\u00df, mit dem Fahrrad, mit Verkostungen oder ma\u00dfgeschneidert. Entdecken Sie hier alle unsere Br\u00fcgge-Touren.","robots":{"index":"index","follow":"follow","max-snippet":"max-snippet:-1","max-image-preview":"max-image-preview:large","max-video-preview":"max-video-preview:-1"},"canonical":"https:\/\/s-wan.be\/de\/alle-touren\/","og_locale":"de_DE","og_type":"article","og_title":"F\u00fchrungen durch Br\u00fcgge von S-wan","og_description":"Gef\u00fchrte Touren durch Br\u00fcgge, zu Fu\u00df, mit dem Fahrrad, mit Verkostungen oder ma\u00dfgeschneidert. S-wan hat f\u00fcr jeden den richtigen Reisef\u00fchrer f\u00fcr Br\u00fcgge.","og_url":"https:\/\/s-wan.be\/de\/alle-touren\/","og_site_name":"S-wan Brugge","article_publisher":"https:\/\/www.facebook.com\/swanbrugge","article_modified_time":"2024-05-17T11:41:33+00:00","twitter_card":"summary_large_image","schema":{"@context":"https:\/\/schema.org","@graph":[{"@type":"WebPage","@id":"https:\/\/s-wan.be\/de\/alle-touren\/","url":"https:\/\/s-wan.be\/de\/alle-touren\/","name":"Alle Br\u00fcgge F\u00fchrungen von S-Wan Br\u00fcgge","isPartOf":{"@id":"https:\/\/s-wan.be\/de\/#website"},"datePublished":"2023-04-13T12:33:46+00:00","dateModified":"2024-05-17T11:41:33+00:00","description":"Besuchen Sie Br\u00fcgge mit erfahrenen F\u00fchrern. Zu Fu\u00df, mit dem Fahrrad, mit Verkostungen oder ma\u00dfgeschneidert. Entdecken Sie hier alle unsere Br\u00fcgge-Touren.","breadcrumb":{"@id":"https:\/\/s-wan.be\/de\/alle-touren\/#breadcrumb"},"inLanguage":"de","potentialAction":[{"@type":"ReadAction","target":["https:\/\/s-wan.be\/de\/alle-touren\/"]}]},{"@type":"BreadcrumbList","@id":"https:\/\/s-wan.be\/de\/alle-touren\/#breadcrumb","itemListElement":[{"@type":"ListItem","position":1,"name":"Home","item":"https:\/\/s-wan.be\/de\/"},{"@type":"ListItem","position":2,"name":"Alle Touren"}]},{"@type":"WebSite","@id":"https:\/\/s-wan.be\/de\/#website","url":"https:\/\/s-wan.be\/de\/","name":"S-wan Brugge","description":"Bezoek Brugge met een twist","publisher":{"@id":"https:\/\/s-wan.be\/de\/#organization"},"potentialAction":[{"@type":"SearchAction","target":{"@type":"EntryPoint","urlTemplate":"https:\/\/s-wan.be\/de\/?s={search_term_string}"},"query-input":{"@type":"PropertyValueSpecification","valueRequired":true,"valueName":"search_term_string"}}],"inLanguage":"de"},{"@type":"Organization","@id":"https:\/\/s-wan.be\/de\/#organization","name":"S-wan Brugge","url":"https:\/\/s-wan.be\/de\/","logo":{"@type":"ImageObject","inLanguage":"de","@id":"https:\/\/s-wan.be\/de\/#\/schema\/logo\/image\/","url":"https:\/\/s-wan.be\/wp-content\/uploads\/2024\/04\/logo-s-wan-footer.webp","contentUrl":"https:\/\/s-wan.be\/wp-content\/uploads\/2024\/04\/logo-s-wan-footer.webp","width":403,"height":313,"caption":"S-wan Brugge"},"image":{"@id":"https:\/\/s-wan.be\/de\/#\/schema\/logo\/image\/"},"sameAs":["https:\/\/www.facebook.com\/swanbrugge","https:\/\/www.linkedin.com\/company\/s-wan-brugge-vzw\/","https:\/\/www.tripadvisor.be\/Attraction_Review-g188671-d16845802-Reviews-S_wan_Bruges_guides_with_a_twist-Bruges_West_Flanders_Province.html","https:\/\/www.instagram.com\/s_wan_guides_with_a_twist\/"]}]}},"_links":{"self":[{"href":"https:\/\/s-wan.be\/de\/wp-json\/wp\/v2\/pages\/1143","targetHints":{"allow":["GET"]}}],"collection":[{"href":"https:\/\/s-wan.be\/de\/wp-json\/wp\/v2\/pages"}],"about":[{"href":"https:\/\/s-wan.be\/de\/wp-json\/wp\/v2\/types\/page"}],"author":[{"embeddable":true,"href":"https:\/\/s-wan.be\/de\/wp-json\/wp\/v2\/users\/6"}],"replies":[{"embeddable":true,"href":"https:\/\/s-wan.be\/de\/wp-json\/wp\/v2\/comments?post=1143"}],"version-history":[{"count":13,"href":"https:\/\/s-wan.be\/de\/wp-json\/wp\/v2\/pages\/1143\/revisions"}],"predecessor-version":[{"id":3081,"href":"https:\/\/s-wan.be\/de\/wp-json\/wp\/v2\/pages\/1143\/revisions\/3081"}],"wp:attachment":[{"href":"https:\/\/s-wan.be\/de\/wp-json\/wp\/v2\/media?parent=1143"}],"curies":[{"name":"wp","href":"https:\/\/api.w.org\/{rel}","templated":true}]}}